{"id":189,"date":"2016-05-24T17:42:15","date_gmt":"2016-05-24T17:42:15","guid":{"rendered":"http:\/\/kaihensel.de\/?page_id=189"},"modified":"2016-05-28T14:00:58","modified_gmt":"2016-05-28T14:00:58","slug":"glueck-im-21-jahrhundert","status":"publish","type":"page","link":"http:\/\/kaihensel.de\/?page_id=189","title":{"rendered":"Gl\u00fcck im 21. Jahrhundert"},"content":{"rendered":"<div id=\"pl-189\"  class=\"panel-layout\" ><div id=\"pg-189-0\"  class=\"panel-grid panel-has-style\" ><div style=\"padding: 10px 0; \" data-overlay=\"true\" class=\"panel-row-style panel-row-style-for-189-0\" ><div id=\"pgc-189-0-0\"  class=\"panel-grid-cell\" ><div id=\"panel-189-0-0-0\" class=\"so-panel widget widget_sow-editor panel-first-child panel-last-child\" data-index=\"0\" ><div class=\"panel-widget-style panel-widget-style-for-189-0-0-0\" ><div\n\t\t\t\n\t\t\tclass=\"so-widget-sow-editor so-widget-sow-editor-base\"\n\t\t\t\n\t\t>\n<div class=\"siteorigin-widget-tinymce textwidget\">\n\t<p>\"N\u00e4her am Pa\u00adra\u00addies kann man auf diesem Pla\u00adne\u00adten kaum leben. Eine stabile Demo\u00adkratie. Ein Rechts\u00adstaat, der auch die Schwa\u00adchen sch\u00fctzt. Eine immer noch starke Wirt\u00adschaft... Warum sind wir nicht gl\u00fcck\u00adlich?\" Kai Hensel wirft einen Blick auf einen besonders sonnigen Flecken dieses Pa\u00adra\u00addies\u00ades: Johann, Anne, Jasmin, eine Fami\u00adlie, er in ge\u00adhobener Posi\u00adtion, sie, noch immer attrak\u00adtiv, k\u00fcmmert sich r\u00fchrend um Haus und Garten, beide stolz auf ihre begabte Tochter im Grund\u00adschul\u00adalter. Schon meldet sich unser Un\u00adbehagen. Wir k\u00f6nnen Gl\u00fcck nur als Dif\u00adfe\u00adrenz zwi\u00adschen uns und einem Ziel ak\u00adzep\u00adtieren. Also setzt der Autor seine Modell\u00adfamilie auf die \u00dcber\u00adhol\u00adspur ge\u00adstei\u00adger\u00adten Lebens\u00adstan\u00addards, schickt sie auf k\u00fcrz\u00ades\u00adtem Weg in den Kampf gegen die Angst vor Ver\u00adsagen, gegen Sozial\u00adneid und In\u00adfektions\u00adgefahr bis hin zur h\u00e4rtes\u00adten Pr\u00fc\u00adfung: Ein Terror\u00adan\u00adschlag er\u00adsch\u00fct\u00adtert die Wohl\u00adstands\u00adgesell\u00adschaft, bringt Verkehr und Ge\u00adb\u00e4ude zum Einsturz, hinter\u00adl\u00e4sst Ver\u00adletzte und Tote, auch Jasmin ist dabei. \"Ihr habt kein Recht auf Ungl\u00fcck! Zu viele Menschen, zuviel Elend, nicht genug Ungl\u00fcck da f\u00fcr alle, die Reichen bitte hinten an\u00adstellen...\" ver\u00adk\u00fcndet der Engel des 21. Jahr\u00adhunderts. Da fas\u00adsen die Eltern sich ein Herz und wollen nun immer gl\u00fcck\u00adlich sein - \u00fcber den frisch ge\u00adbo\u00adre\u00adnen Sohn, ihr reich\u00ades Leben und die Film\u00adkarriere von Annes F\u00fc\u00dfen ...<\/p>\n<p>Mit a\u00adna\u00adly\u00adtisch\u00ader Sch\u00e4rfe und bis\u00adsiger Ironie liefert Kai Hensel (s)einen Theater\u00adbei\u00adtrag zur Werte\u00addiskussion.<\/p>\n<p>\u00a0<\/p>\n<\/div>\n<\/div><\/div><\/div><\/div><div id=\"pgc-189-0-1\"  class=\"panel-grid-cell\" ><div id=\"panel-189-0-1-0\" class=\"so-panel widget widget_sow-editor panel-first-child panel-last-child\" data-index=\"1\" ><div class=\"panel-widget-style panel-widget-style-for-189-0-1-0\" ><div\n\t\t\t\n\t\t\tclass=\"so-widget-sow-editor so-widget-sow-editor-base\"\n\t\t\t\n\t\t>\n<div class=\"siteorigin-widget-tinymce textwidget\">\n\t<p>\"Witzig, bissig, spannend!\"<\/p>\n<p>Thurgauer Zei\u00adtung<\/p>\n<p>\"Das St\u00fcck wirkt in seiner Logik un\u00ader\u00adbitt\u00adlich: Die an\u00adf\u00e4ng\u00adliche These \"Gl\u00fcck ist die Dif\u00adferenz zwi\u00adschen uns und unse\u00adrem Ziel\" wird zuletzt zynisch und n\u00fcchtern kor\u00adrigiert: \"Gl\u00fcck ist die Dif\u00adferenz zwischen uns und dem Un\u00adgl\u00fcck.\" Nur im Ver\u00adgleich mit dem Gl\u00fcck oder Ungl\u00fcck anderer k\u00f6nnen sie ihr eigenes Be\u00adfinden ein\u00adordnen, das f\u00fchrt Kai Hensel mit satiri\u00adschen Seiten\u00adhieben vor.\"<\/p>\n<p>Stutt\u00adgarter Nach\u00adrichten<\/p>\n<\/div>\n<\/div><\/div><\/div><\/div><\/div><\/div><\/div>","protected":false},"excerpt":{"rendered":"<p>&#8222;N\u00e4her am Pa\u00adra\u00addies kann man auf diesem Pla\u00adne\u00adten kaum leben. Eine stabile Demo\u00adkratie. Ein Rechts\u00adstaat, der auch die Schwa\u00adchen sch\u00fctzt. Eine immer [&hellip;]<\/p>\n","protected":false},"author":1,"featured_media":0,"parent":0,"menu_order":0,"comment_status":"closed","ping_status":"closed","template":"page-templates\/page_front-page.php","meta":[],"_links":{"self":[{"href":"http:\/\/kaihensel.de\/index.php?rest_route=\/wp\/v2\/pages\/189"}],"collection":[{"href":"http:\/\/kaihensel.de\/index.php?rest_route=\/wp\/v2\/pages"}],"about":[{"href":"http:\/\/kaihensel.de\/index.php?rest_route=\/wp\/v2\/types\/page"}],"author":[{"embeddable":true,"href":"http:\/\/kaihensel.de\/index.php?rest_route=\/wp\/v2\/users\/1"}],"replies":[{"embeddable":true,"href":"http:\/\/kaihensel.de\/index.php?rest_route=%2Fwp%2Fv2%2Fcomments&post=189"}],"version-history":[{"count":4,"href":"http:\/\/kaihensel.de\/index.php?rest_route=\/wp\/v2\/pages\/189\/revisions"}],"predecessor-version":[{"id":262,"href":"http:\/\/kaihensel.de\/index.php?rest_route=\/wp\/v2\/pages\/189\/revisions\/262"}],"wp:attachment":[{"href":"http:\/\/kaihensel.de\/index.php?rest_route=%2Fwp%2Fv2%2Fmedia&parent=189"}],"curies":[{"name":"wp","href":"https:\/\/api.w.org\/{rel}","templated":true}]}}