{"id":38,"date":"2016-04-24T16:26:19","date_gmt":"2016-04-24T16:26:19","guid":{"rendered":"http:\/\/kaihensel.de\/?page_id=38"},"modified":"2016-08-22T08:56:26","modified_gmt":"2016-08-22T08:56:26","slug":"das-perseus-protokoll","status":"publish","type":"page","link":"http:\/\/kaihensel.de\/?page_id=38","title":{"rendered":"Das Perseus-Protokoll"},"content":{"rendered":"<div id=\"pl-38\"  class=\"panel-layout\" ><div id=\"pg-38-0\"  class=\"panel-grid panel-has-style\" ><div style=\"padding: 10px 0; \" data-overlay=\"true\" class=\"panel-row-style panel-row-style-for-38-0\" ><div id=\"pgc-38-0-0\"  class=\"panel-grid-cell\" ><div id=\"panel-38-0-0-0\" class=\"so-panel widget widget_sow-image panel-first-child panel-last-child\" data-index=\"0\" ><div class=\"panel-widget-style panel-widget-style-for-38-0-0-0\" ><div\n\t\t\t\n\t\t\tclass=\"so-widget-sow-image so-widget-sow-image-default-c67d20f9f743-38\"\n\t\t\t\n\t\t>\n\n<div class=\"sow-image-container\">\n\t\t<img src=\"http:\/\/kaihensel.de\/wp-content\/uploads\/2016\/08\/perseus02.jpg\" width=\"825\" height=\"1100\" srcset=\"http:\/\/kaihensel.de\/wp-content\/uploads\/2016\/08\/perseus02.jpg 825w, http:\/\/kaihensel.de\/wp-content\/uploads\/2016\/08\/perseus02-225x300.jpg 225w, http:\/\/kaihensel.de\/wp-content\/uploads\/2016\/08\/perseus02-768x1024.jpg 768w, http:\/\/kaihensel.de\/wp-content\/uploads\/2016\/08\/perseus02-230x307.jpg 230w, http:\/\/kaihensel.de\/wp-content\/uploads\/2016\/08\/perseus02-350x467.jpg 350w\" sizes=\"(max-width: 825px) 100vw, 825px\" title=\"OLYMPUS DIGITAL CAMERA\" alt=\"\" loading=\"lazy\" \t\tclass=\"so-widget-image\"\/>\n\t<\/div>\n\n<\/div><\/div><\/div><\/div><div id=\"pgc-38-0-1\"  class=\"panel-grid-cell\" ><div id=\"panel-38-0-1-0\" class=\"so-panel widget widget_sow-editor panel-first-child\" data-index=\"1\" ><div class=\"panel-widget-style panel-widget-style-for-38-0-1-0\" ><div\n\t\t\t\n\t\t\tclass=\"so-widget-sow-editor so-widget-sow-editor-base\"\n\t\t\t\n\t\t>\n<div class=\"siteorigin-widget-tinymce textwidget\">\n\t<section id=\"page\">\n<article class=\"servicio\">\n<p class=\"textoArticulo\">Maria Brecht, eine deut\u00adsche Ur\u00adlau\u00adberin, begeg\u00adnet in den Ber\u00adgen Kretas einem mys\u00adte\u00adri\u00f6\u00adsen Frem\u00adden. Sie sieht Blut\u00adspuren und ent\u00adkommt knapp einem Mord\u00adan\u00adschlag. Ein Schnell\u00adboot aus Libyen schmug\u00adgelt nachts einen Koffer an die S\u00fcd\u00adk\u00fcste - sein Inhalt ge\u00adf\u00e4hr\u00adlich genug, um jeden Zeugen zu t\u00f6ten. Athen versinkt in M\u00fcll, Kri\u00admi\u00adna\u00adli\u00adt\u00e4t und Hoff\u00adnungs\u00adlosig\u00adkeit. Eine Handvoll ver\u00adschwo\u00adrener M\u00e4nner be\u00adschlie\u00dft, ihr Vater\u00adland zu retten, bevor es zu sp\u00e4t ist. Das Perseus-Protokoll - ein pr\u00e4zise re\u00adcher\u00adchier\u00adter, nacht\u00adschwarzer Thril\u00adler um Macht, Verrat und sehr viel Geld.<\/p>\n<\/article>\n<\/section>\n<section><\/section>\n<section id=\"eventos\"><!--<\/p>\n\n\n\n\n<h2>KRITIKEN<br \/>\n--><\/h2>\n<\/section>\n<\/div>\n<\/div><\/div><\/div><div id=\"panel-38-0-1-1\" class=\"so-panel widget widget_sydney_testimonials sydney_testimonials_widget panel-last-child\" data-index=\"2\" ><div class=\"panel-widget-style panel-widget-style-for-38-0-1-1\" >\t\t\t<h3 class=\"widget-title\">KRITIKEN<\/h3>\t\t\t<div class=\"col-md-12\">\r\n\t\t\t\t<div class=\"roll-testimonials\" data-autoplay=\"8000\">\r\n\t\t\t\t\t\t\t\t\t\t\t                        <div class=\"customer\">\r\n                            <blockquote class=\"whisper\"><p>Kai Hensel spinnt die Griechenland-Krise dramaturgisch intelligent zu Ende. Und zwar nicht aus der uns vertrauten Perspektive der vermeintlichen Zahlmeister, sondern aus Sicht der wirklich Betroffenen.<\/p>\n<\/blockquote>                               \r\n                                                            \r\n                            <div class=\"name\">\r\n                            \tder Freitag                            \t<span><\/span>\r\n                            <\/div>\r\n                        <\/div>\r\n\t\t\t\t\t\t\t\t\t\t\t                        <div class=\"customer\">\r\n                            <blockquote class=\"whisper\"><p>Ein temporeicher, auf den Punkt gebrachter Polit-Thriller, der die Dynamik des Subgenres intelligent mit Eckpunkten der neueren griechischen Geschichte verkn\u00fcpft &#8230; Wenn ein Kri\u00admi oder Thriller bei aller spannenden Unterhaltung auch einen Blick \u00fcber den eigenen Ho\u00adrizont evoziert, dann geh\u00f6rt er zu den besten seiner Zunft und sollte gelesen werden.<\/p>\n<\/blockquote>                               \r\n                                                            \r\n                            <div class=\"name\">\r\n                            \tkrimi-couch.de                            \t<span><\/span>\r\n                            <\/div>\r\n                        <\/div>\r\n\t\t\t\t\t\t\t\t\t\t\t                        <div class=\"customer\">\r\n                            <blockquote class=\"whisper\"><p>Es entsteht das Bild einer ganz perversen Gesellschaft. Das hat nichts mit antigriechi\u00adschen Vorurteilen zu tun, sondern zeigt, was die Spaltung einer Gesellschaft in Sieger und Verlierer bewirken kann. Man merkt, hier ziseliert jemand sehr genau, sehr liebevoll, auch bei allen Gr\u00e4ueln, die er beschreibt.<\/p>\n<\/blockquote>                               \r\n                                                            \r\n                            <div class=\"name\">\r\n                            \thr2                            \t<span><\/span>\r\n                            <\/div>\r\n                        <\/div>\r\n\t\t\t\t\t\t\t\t\t\t\t                        <div class=\"customer\">\r\n                            <blockquote class=\"whisper\"><p>Absolut auf der H\u00f6he der Zeit!<\/p>\n<\/blockquote>                               \r\n                                                            \r\n                            <div class=\"name\">\r\n                            \tFocus                            \t<span><\/span>\r\n                            <\/div>\r\n                        <\/div>\r\n\t\t\t\t\t\t\t\t\t\t\t                        <div class=\"customer\">\r\n                            <blockquote class=\"whisper\"><p>Wie die Ohnmacht der griechischen Gesellschaft in Bilder gefasst wird, das ist packend. Und an der Stelle zeigt sich auch das Potential, das die (Kriminal-)Literatur hat, wenn sie aktuelle Politik kommentiert: &#8222;Das Perseus-Protokoll&#8220; denkt die Geschichte da weiter, wo die Nachrichtenmedien an ihre Grenzen sto\u00dfen.<\/p>\n<\/blockquote>                               \r\n                                                            \r\n                            <div class=\"name\">\r\n                            \tWDR Funkhaus Europa                            \t<span><\/span>\r\n                            <\/div>\r\n                        <\/div>\r\n\t\t\t\t\t\t\t\t\t\t\t                        <div class=\"customer\">\r\n                            <blockquote class=\"whisper\"><p>Hensel gelingt etwas durchaus Seltenes auf dem deutschsprachigen Krimimarkt: die Verbindung eines zeitgeschichtlichen Themas mit einem spannenden Plot, der zu einem unheilvollen Ende denkt, was in unserer Wirklichkeit bereits angelegt ist.<\/p>\n<\/blockquote>                               \r\n                                                            \r\n                            <div class=\"name\">\r\n                            \tTh\u00fcringische Landeszeitung                            \t<span><\/span>\r\n                            <\/div>\r\n                        <\/div>\r\n\t\t\t\t\t\t\t\t\t\t\t                        <div class=\"customer\">\r\n                            <blockquote class=\"whisper\"><p>Ein rasanter Polit-Thriller, der exakt die griechische Krise widerspiegelt.<\/p>\n<\/blockquote>                               \r\n                                                            \r\n                            <div class=\"name\">\r\n                            \tNDR 90,3                            \t<span><\/span>\r\n                            <\/div>\r\n                        <\/div>\r\n\t\t\t\t\t\t\t\t\t\t\t                        <div class=\"customer\">\r\n                            <blockquote class=\"whisper\"><p>Letztlich ist es das detaillierte Hintergrundwissen des Autors, das den Krimi zu etwas Be\u00adsonderem macht. Eine Spekulation \u00fcber das griechische Drama und seine Drahtzieher. Chaos und Krise als N\u00e4hrboden f\u00fcr Finanzhaie und Spekulanten &#8211; ein Buch, das auch Griechenland-Insider zu \u00fcberraschen und unterhalten vermag, gerade weil es gewisse Ge\u00addankeng\u00e4nge zu Ende bringt, die Extreme in Bilder fasst und das Ganze in einen span\u00adnenden Krimi gie\u00dft.<\/p>\n<\/blockquote>                               \r\n                                                            \r\n                            <div class=\"name\">\r\n                            \tWiener Zeitung                            \t<span><\/span>\r\n                            <\/div>\r\n                        <\/div>\r\n\t\t\t\t\t\t\t\t\t\t\t                        <div class=\"customer\">\r\n                            <blockquote class=\"whisper\"><p>Von dieser Art Thriller k\u00f6nnte es ruhig mehr aus deutscher Produktion geben.<\/p>\n<\/blockquote>                               \r\n                                                            \r\n                            <div class=\"name\">\r\n                            \tStuttgarter Zeitung                            \t<span><\/span>\r\n                            <\/div>\r\n                        <\/div>\r\n\t\t\t\t\t\t\t\t\t\t\t                        <div class=\"customer\">\r\n                            <blockquote class=\"whisper\"><p>Was die Studentin Maria Brecht in Griechenland erlebt, ist ein Albtraum, der nahe an der Wirklichkeit ist \u2026 Ein perfekt getimter Krimi mit einer Heldin wider Willen, einem in Aufl\u00f6\u00adsung befindlichen Griechenland und einem Killer, der aus der Verzweiflung kommt.<\/p>\n<\/blockquote>                               \r\n                                                            \r\n                            <div class=\"name\">\r\n                            \tAugsburger Allgemeine                            \t<span><\/span>\r\n                            <\/div>\r\n                        <\/div>\r\n\t\t\t\t\t\t\t\t\t\t\t                        <div class=\"customer\">\r\n                            <blockquote class=\"whisper\"><p>Ein bis zur letzten Seite spannender Politthriller!<\/p>\n<\/blockquote>                               \r\n                                                            \r\n                            <div class=\"name\">\r\n                            \tkulturnews.de                            \t<span><\/span>\r\n                            <\/div>\r\n                        <\/div>\r\n\t\t\t\t\t\t\t\t\t\t\t                        <div class=\"customer\">\r\n                            <blockquote class=\"whisper\"><p>Kai Hensel l\u00e4sst sie alle auftreten: die Gewinner und Verlierer der Krise, das kaputte Athen mit seinen kaputten Typen. Beschrieben wird eine sich aufl\u00f6sende Gesellschaft. Wirklich gelungen.<\/p>\n<\/blockquote>                               \r\n                                                            \r\n                            <div class=\"name\">\r\n                            \trbb Inforadio, 93,1                            \t<span><\/span>\r\n                            <\/div>\r\n                        <\/div>\r\n\t\t\t\t\t\t\t\t\t\t\t                        <div class=\"customer\">\r\n                            <blockquote class=\"whisper\"><p>\u201eDas Perseus-Protokoll\u201c erinnert nicht blo\u00df an den Heroen, der das Gorgonenhaupt ab\u00adschlug, sondern ist auch eine Anspielung auf den \u201ePrometheus-Plan\u201c, mit dem die griechi\u00adschen Obristen sich an die Macht putschten, indem sie das zur Destabilisierung kommu\u00adnistischer Regime entwickelte Modell f\u00fcr ihre Zwecke adoptierten&#8230; Ein gut recherchiertes Gedankenspiel, ein Flirt mit dem Desaster.<br \/>\nFrankfurter Allgemeine Sonntagszeitung<\/p>\n<p>Dieser Roman geh\u00f6rt gelesen.<\/p>\n<\/blockquote>                               \r\n                                                            \r\n                            <div class=\"name\">\r\n                            \tculturmag.de                            \t<span><\/span>\r\n                            <\/div>\r\n                        <\/div>\r\n\t\t\t\t\t\t\t\t\t\t\t                        <div class=\"customer\">\r\n                            <blockquote class=\"whisper\"><p>Spekulativ-spannender Thriller, der die Griechenland-Krise zu Ende denkt. Lesenswert!<\/p>\n<\/blockquote>                               \r\n                                                            \r\n                            <div class=\"name\">\r\n                            \tTIP-Berlin                            \t<span><\/span>\r\n                            <\/div>\r\n                        <\/div>\r\n\t\t\t\t\t\t\t\t\t\t\t                        <div class=\"customer\">\r\n                            <blockquote class=\"whisper\"><p>Hensel schreibt knapp, filmisch, ohne jede Geschw\u00e4tzigkeit: mit schnellen Orts- und Per\u00adsonenwechseln, rasanten Schnitten und Wendungen und ebenso konzentrierten wie knap\u00adpen Dialogen.<\/p>\n<\/blockquote>                               \r\n                                                            \r\n                            <div class=\"name\">\r\n                            \tMitteldeutsche Zeitung                            \t<span><\/span>\r\n                            <\/div>\r\n                        <\/div>\r\n\t\t\t\t\t\t\t\t\t\t\t                        <div class=\"customer\">\r\n                            <blockquote class=\"whisper\"><p>Rasanter Action-Krimi mit aktuellem Hintergrund: Im unter der Schuldenkrise und den so\u00adgenannten Sparma\u00dfnahmen kollabierenden Griechenland wird eine deutsche Studentin in ein Komplott verwickelt und von einem psychopathischen M\u00f6rder gejagt \u2026 Eindrucksvoll beschreibt Kai Hensel die Stadt auf dem Weg in den Zusammenbruch: Stromausf\u00e4lle, M\u00fcll auf den Stra\u00dfen, grassierende Armut, leerstehende Gesch\u00e4fte, Drogensucht und Gewalt, die Atmosph\u00e4re von Wut und Verzweiflung.<\/p>\n<\/blockquote>                               \r\n                                                            \r\n                            <div class=\"name\">\r\n                            \thr &#8211; online                            \t<span><\/span>\r\n                            <\/div>\r\n                        <\/div>\r\n\t\t\t\t\t\t\t\t\t\t\t                        <div class=\"customer\">\r\n                            <blockquote class=\"whisper\"><p>Ein \u00e4u\u00dferst schonungsloser Einblick in Auswirkungen der griechischen Staatspleite, die<br \/>\nman sich ungern vorstellt. Die aber \u00fcberaus glaubhaft daher kommen. Spannend und<br \/>\nhochaktuell.<\/p>\n<\/blockquote>                               \r\n                                                            \r\n                            <div class=\"name\">\r\n                            \tWDR 5                            \t<span><\/span>\r\n                            <\/div>\r\n                        <\/div>\r\n\t\t\t\t\t\t\t\t\t\t\t                        <div class=\"customer\">\r\n                            <blockquote class=\"whisper\"><p>Ein unglaublich spannender, hochaktueller Polit-Thriller! Kai Hensel hat exakt recherchiert, einen tollen Plot ersonnen und die Atmosph\u00e4re in Athen und Griechenland \u00fcberzeugend zwischen zwei Buchdeckel gepackt. Genau so m\u00fcssen fesselnde Thriller sein, daher eine nachdr\u00fcckliche Leseempfehlung!<\/p>\n<\/blockquote>                               \r\n                                                            \r\n                            <div class=\"name\">\r\n                            \tFAZ Literaturkalender                            \t<span><\/span>\r\n                            <\/div>\r\n                        <\/div>\r\n\t\t\t\t\t\t\t\t\t\t\t                        <div class=\"customer\">\r\n                            <blockquote class=\"whisper\"><p>Dramaturgisch dicht und immer rasant treibt Hensel seine Geschichte voran &#8230; Ein politi\u00adsches R\u00e4nkespiel der Extraklasse.<\/p>\n<\/blockquote>                               \r\n                                                            \r\n                            <div class=\"name\">\r\n                            \tNeue Luzerner Zeitung                            \t<span><\/span>\r\n                            <\/div>\r\n                        <\/div>\r\n\t\t\t\t\t\t\t\t\t\t\t                        <div class=\"customer\">\r\n                            <blockquote class=\"whisper\"><p>Kai Hensel hat ein bemerkenswertes Szenario vorgelegt: \u201eDas Perseus-Protokoll\u201c denkt die politi\u00adsche Logik der Finanzkrise in Griechenland bis zu einem schrecklichen Ende. Der Thriller erweist sich als nachkriegshistorisch tiefenscharfes Szenario eines schlimmstm\u00f6gl\u00adichen Falles.<\/p>\n<\/blockquote>                               \r\n                                                            \r\n                            <div class=\"name\">\r\n                            \tDer Standard                            \t<span><\/span>\r\n                            <\/div>\r\n                        <\/div>\r\n\t\t\t\t\t\t\t\t\t\t\t                        <div class=\"customer\">\r\n                            <blockquote class=\"whisper\"><p>In seinem Deb\u00fct\u00adroman gelingt es Kai Hensel in meister\u00adhafter Art und Weise die Gat\u00adtungen Thriller und poli\u00adtische Be\u00adtrach\u00adtung in einem sehr aktuel\u00adlen Thema zu verbinden, das \u00fcber die Gren\u00adzen Griechen\u00adlands hinaus\u00adreicht: das Thema Fl\u00fccht\u00adlinge. F\u00fcr Lieb\u00adhaber span\u00adnender Geschich\u00adten und Ge\u00addanken\u00adspazier\u00adg\u00e4nge.<\/p>\n<\/blockquote>                               \r\n                                                            \r\n                            <div class=\"name\">\r\n                            \tGoethe Institut                            \t<span><\/span>\r\n                            <\/div>\r\n                        <\/div>\r\n\t\t\t\t\t\t\t\t\t\t\t                        <div class=\"customer\">\r\n                            <blockquote class=\"whisper\"><p>Was den Thriller \u201eDas Perseus-Protokoll\u201c so besonders macht, ist die ihm zugrunde lie\u00adgende ausgezeichnete Recherche. Sie verleiht dem Buch eine \u00fcberzeugende Authentizi\u00adt\u00e4t, und Kai Hensel versteht es, aus Information und Phantasie ein so dichtes Netz zu kn\u00fcpfen, dass dem Leser keine Gelegenheit bleibt, das Buch aus der Hand zu legen, ehe er es bis zur letzten Seite gelesen hat. Bis zur letzten Seite bleibt es spannend \u2013 von An\u00adfang an.<\/p>\n<\/blockquote>                               \r\n                                                            \r\n                            <div class=\"name\">\r\n                            \tBayerischer Rundfunk                            \t<span><\/span>\r\n                            <\/div>\r\n                        <\/div>\r\n\t\t\t\t\t\t\t\t\t<\/div>\r\n\t\t\t<\/div>\t\r\n\r\n\t\t\t\t\r\n\r\n\t<\/div><\/div><\/div><\/div><\/div><\/div>","protected":false},"excerpt":{"rendered":"<p>Maria Brecht, eine deut\u00adsche Ur\u00adlau\u00adberin, begeg\u00adnet in den Ber\u00adgen Kretas einem mys\u00adte\u00adri\u00f6\u00adsen Frem\u00adden. Sie sieht Blut\u00adspuren und ent\u00adkommt knapp einem Mord\u00adan\u00adschlag. Ein [&hellip;]<\/p>\n","protected":false},"author":1,"featured_media":0,"parent":0,"menu_order":0,"comment_status":"closed","ping_status":"closed","template":"page-templates\/page_front-page.php","meta":[],"_links":{"self":[{"href":"http:\/\/kaihensel.de\/index.php?rest_route=\/wp\/v2\/pages\/38"}],"collection":[{"href":"http:\/\/kaihensel.de\/index.php?rest_route=\/wp\/v2\/pages"}],"about":[{"href":"http:\/\/kaihensel.de\/index.php?rest_route=\/wp\/v2\/types\/page"}],"author":[{"embeddable":true,"href":"http:\/\/kaihensel.de\/index.php?rest_route=\/wp\/v2\/users\/1"}],"replies":[{"embeddable":true,"href":"http:\/\/kaihensel.de\/index.php?rest_route=%2Fwp%2Fv2%2Fcomments&post=38"}],"version-history":[{"count":34,"href":"http:\/\/kaihensel.de\/index.php?rest_route=\/wp\/v2\/pages\/38\/revisions"}],"predecessor-version":[{"id":40,"href":"http:\/\/kaihensel.de\/index.php?rest_route=\/wp\/v2\/pages\/38\/revisions\/40"}],"wp:attachment":[{"href":"http:\/\/kaihensel.de\/index.php?rest_route=%2Fwp%2Fv2%2Fmedia&parent=38"}],"curies":[{"name":"wp","href":"https:\/\/api.w.org\/{rel}","templated":true}]}}